{"id":99,"date":"2021-07-02T18:32:12","date_gmt":"2021-07-02T18:32:12","guid":{"rendered":"https:\/\/www.skjeljavika.no\/home\/"},"modified":"2025-10-25T00:54:43","modified_gmt":"2025-10-24T23:54:43","slug":"home","status":"publish","type":"page","link":"https:\/\/www.skjeljavika.no\/de\/","title":{"rendered":"Heim"},"content":{"rendered":"<div class=\"boldgrid-section\">\n<div class=\"container\">\n<div class=\"row\" style=\"padding-bottom: 5px; padding-top: 20px;\">\n<div class=\"col-md-12 col-xs-12 col-sm-12 col-lg-12\" style=\"padding: 0px 5px;\">\n<p class=\"\" style=\"margin-bottom: 5px;\"><img loading=\"lazy\" decoding=\"async\" class=\"alignnone wp-image-133 size-medium\" src=\"https:\/\/www.skjeljavika.no\/wp-content\/uploads\/2021\/07\/0_318_1100_488.58333333333_skjeljavika2.jpg\" alt=\"Skjeljavika\" width=\"1100\" height=\"488\" data-imhwpb-asset-id=\"1178488\" \/><\/p>\n<\/div>\n<\/div>\n<div class=\"row\">\n<div class=\"col-md-3 col-sm-3 col-xs-6 col-lg-3\" style=\"padding: 0px 5px;\">\n<p class=\"\" style=\"margin-bottom: 5px;\"><img loading=\"lazy\" decoding=\"async\" class=\"bg-img alignnone wp-image-139 size-medium\" src=\"https:\/\/www.skjeljavika.no\/wp-content\/uploads\/2021\/07\/68_188_585_585_horse1.jpg\" alt=\"\" width=\"585\" height=\"585\" data-imhwpb-asset-id=\"846337\" srcset=\"https:\/\/www.skjeljavika.no\/wp-content\/uploads\/2021\/07\/68_188_585_585_horse1.jpg 585w, https:\/\/www.skjeljavika.no\/wp-content\/uploads\/2021\/07\/horse1-150x150.jpg 150w\" sizes=\"auto, (max-width: 585px) 100vw, 585px\" \/><\/p>\n<\/div>\n<div class=\"col-md-3 col-sm-3 col-xs-6 col-lg-3\" style=\"padding: 0px 5px;\">\n<p class=\"\" style=\"margin-bottom: 5px;\"><img loading=\"lazy\" decoding=\"async\" class=\"bg-img alignnone wp-image-145 size-medium\" src=\"https:\/\/www.skjeljavika.no\/wp-content\/uploads\/2021\/07\/340_0_900_900_two-horses-in-sunset.jpg\" alt=\"\" width=\"900\" height=\"900\" data-imhwpb-asset-id=\"846338\" srcset=\"https:\/\/www.skjeljavika.no\/wp-content\/uploads\/2021\/07\/340_0_900_900_two-horses-in-sunset.jpg 900w, https:\/\/www.skjeljavika.no\/wp-content\/uploads\/2021\/07\/two-horses-in-sunset-150x150.jpg 150w\" sizes=\"auto, (max-width: 900px) 100vw, 900px\" \/><\/p>\n<\/div>\n<div class=\"col-md-3 col-sm-3 col-xs-6 col-lg-3\" style=\"padding: 0px 5px;\">\n<p class=\"\" style=\"margin-bottom: 5px;\"><img loading=\"lazy\" decoding=\"async\" class=\"bg-img alignnone wp-image-136 size-medium\" src=\"https:\/\/www.skjeljavika.no\/wp-content\/uploads\/2021\/07\/389_0_900_900_cabins-from-boathouse.jpg\" alt=\"\" width=\"900\" height=\"900\" data-imhwpb-asset-id=\"846339\" srcset=\"https:\/\/www.skjeljavika.no\/wp-content\/uploads\/2021\/07\/389_0_900_900_cabins-from-boathouse.jpg 900w, https:\/\/www.skjeljavika.no\/wp-content\/uploads\/2021\/07\/cabins-from-boathouse-150x150.jpg 150w, https:\/\/www.skjeljavika.no\/wp-content\/uploads\/2021\/07\/0_0_300_300_cabins-from-boathouse-768x510.jpg 300w\" sizes=\"auto, (max-width: 900px) 100vw, 900px\" \/><\/p>\n<\/div>\n<div class=\"col-md-3 col-sm-3 col-xs-6 col-lg-3\" style=\"padding: 0px 5px;\">\n<p class=\"\" style=\"margin-bottom: 5px;\"><img loading=\"lazy\" decoding=\"async\" class=\"bg-img alignnone wp-image-144 size-medium\" style=\"font-size: revert; color: initial;\" src=\"https:\/\/www.skjeljavika.no\/wp-content\/uploads\/2021\/07\/320_0_900_900_sunset3.jpg\" alt=\"\" width=\"900\" height=\"900\" data-imhwpb-asset-id=\"846341\" srcset=\"https:\/\/www.skjeljavika.no\/wp-content\/uploads\/2021\/07\/320_0_900_900_sunset3.jpg 900w, https:\/\/www.skjeljavika.no\/wp-content\/uploads\/2021\/07\/sunset3-150x150.jpg 150w, https:\/\/www.skjeljavika.no\/wp-content\/uploads\/2021\/07\/129_0_300_300_sunset3-768x510.jpg 300w\" sizes=\"auto, (max-width: 900px) 100vw, 900px\" \/><\/p>\n<\/div>\n<\/div>\n<div class=\"row\" style=\"padding-top: 5px;\">\n<div class=\"col-md-3 col-sm-3 col-xs-6 col-lg-3\" style=\"padding: 0px 5px;\">\n<p class=\"\" style=\"margin-bottom: 5px;\"><img loading=\"lazy\" decoding=\"async\" class=\"alignnone size-medium wp-image-459\" src=\"https:\/\/www.skjeljavika.no\/wp-content\/uploads\/2025\/10\/Kvaerno_fiske_DJI_0382-300x300.jpg\" alt=\"Kv\u00e6rn\u00f8 boat\" width=\"300\" height=\"300\" srcset=\"https:\/\/www.skjeljavika.no\/wp-content\/uploads\/2025\/10\/Kvaerno_fiske_DJI_0382-300x300.jpg 300w, https:\/\/www.skjeljavika.no\/wp-content\/uploads\/2025\/10\/Kvaerno_fiske_DJI_0382-150x150.jpg 150w, https:\/\/www.skjeljavika.no\/wp-content\/uploads\/2025\/10\/Kvaerno_fiske_DJI_0382.jpg 684w\" sizes=\"auto, (max-width: 300px) 100vw, 300px\" \/><\/p>\n<\/div>\n<div class=\"col-md-3 col-sm-3 col-xs-6 col-lg-3\" style=\"padding: 0px 5px;\">\n<p class=\"\"><img loading=\"lazy\" decoding=\"async\" class=\"alignnone size-medium wp-image-460\" src=\"https:\/\/www.skjeljavika.no\/wp-content\/uploads\/2025\/10\/vidar-med-torsk-300x300.jpg\" alt=\"Cod fishing\" width=\"300\" height=\"300\" srcset=\"https:\/\/www.skjeljavika.no\/wp-content\/uploads\/2025\/10\/vidar-med-torsk-300x300.jpg 300w, https:\/\/www.skjeljavika.no\/wp-content\/uploads\/2025\/10\/vidar-med-torsk-1024x1024.jpg 1024w, https:\/\/www.skjeljavika.no\/wp-content\/uploads\/2025\/10\/vidar-med-torsk-150x150.jpg 150w, https:\/\/www.skjeljavika.no\/wp-content\/uploads\/2025\/10\/vidar-med-torsk-768x768.jpg 768w, https:\/\/www.skjeljavika.no\/wp-content\/uploads\/2025\/10\/vidar-med-torsk.jpg 1153w\" sizes=\"auto, (max-width: 300px) 100vw, 300px\" \/><\/p>\n<\/div>\n<div class=\"col-md-3 col-sm-3 col-xs-6 col-lg-3\" style=\"padding: 0px 5px;\">\n<p class=\"\"><img loading=\"lazy\" decoding=\"async\" class=\"alignnone size-medium wp-image-463\" src=\"https:\/\/www.skjeljavika.no\/wp-content\/uploads\/2025\/10\/FishBuddy_crop2-1-300x300.jpg\" alt=\"Fishbuddy\" width=\"300\" height=\"300\" srcset=\"https:\/\/www.skjeljavika.no\/wp-content\/uploads\/2025\/10\/FishBuddy_crop2-1-300x300.jpg 300w, https:\/\/www.skjeljavika.no\/wp-content\/uploads\/2025\/10\/FishBuddy_crop2-1-150x150.jpg 150w, https:\/\/www.skjeljavika.no\/wp-content\/uploads\/2025\/10\/FishBuddy_crop2-1-768x768.jpg 768w, https:\/\/www.skjeljavika.no\/wp-content\/uploads\/2025\/10\/FishBuddy_crop2-1.jpg 1000w\" sizes=\"auto, (max-width: 300px) 100vw, 300px\" \/><\/p>\n<\/div>\n<div class=\"col-md-3 col-sm-3 col-xs-6 col-lg-3\" style=\"padding: 0px 5px;\">\n<p class=\"\"><img loading=\"lazy\" decoding=\"async\" class=\"alignnone size-medium wp-image-460\" src=\"https:\/\/www.skjeljavika.no\/wp-content\/uploads\/2025\/10\/DJI_0296-300x300.jpg\" alt=\"Cabin\" width=\"300\" height=\"300\" \/><\/p>\n<\/div>\n<\/div>\n<\/div>\n<\/div>\n<div class=\"boldgrid-section\">\n<div class=\"container\">\n<div class=\"row\" style=\"padding-top: 70px; padding-bottom: 10px;\">\n<div class=\"col-md-12 col-xs-12 col-sm-12 col-lg-12\">\n<div class=\"row bg-editor-hr-wrap\">\n<div class=\"col-md-12 col-xs-12 col-sm-12 col-lg-12\">\n<div>\n<div class=\"bg-hr bg-hr-1 color1-color\"><\/div>\n<\/div>\n<\/div>\n<\/div>\n<\/div>\n<\/div>\n<\/div>\n<\/div>\n<div class=\"boldgrid-section\">\n<div class=\"container\">\n<div class=\"row\">\n<div class=\"col-xs-12 col-md-6 col-sm-12 align-column-center col-lg-6\">\n<div class=\"row\">\n<div class=\"col-xs-1 col-sm-1 col-md-1 col-lg-1\"><\/div>\n<div class=\"col-xs-3 col-sm-3 col-md-3 col-lg-3\">\n<div>\n<p class=\"mod-reset\"><img loading=\"lazy\" decoding=\"async\" class=\"alignnone wp-image-136 size-medium\" src=\"https:\/\/www.skjeljavika.no\/wp-content\/uploads\/2021\/07\/0_0_300_300_cabins-from-boathouse-768x510.jpg\" alt=\"\" width=\"300\" height=\"300\" data-imhwpb-asset-id=\"20817\" srcset=\"https:\/\/www.skjeljavika.no\/wp-content\/uploads\/2021\/07\/0_0_300_300_cabins-from-boathouse-768x510.jpg 300w, https:\/\/www.skjeljavika.no\/wp-content\/uploads\/2021\/07\/cabins-from-boathouse-150x150.jpg 150w, https:\/\/www.skjeljavika.no\/wp-content\/uploads\/2021\/07\/389_0_900_900_cabins-from-boathouse.jpg 900w\" sizes=\"auto, (max-width: 300px) 100vw, 300px\" \/><\/p>\n<\/div>\n<\/div>\n<div class=\"col-xs-1 col-sm-1 col-md-1 col-lg-1\"><\/div>\n<div class=\"col-xs-3 col-sm-3 col-md-3 col-lg-3\">\n<div>\n<p class=\"mod-reset\"><img loading=\"lazy\" decoding=\"async\" class=\"alignnone wp-image-137 size-medium\" src=\"https:\/\/www.skjeljavika.no\/wp-content\/uploads\/2021\/07\/129_0_300_300_cruise1-sunset-768x510.jpg\" alt=\"\" width=\"300\" height=\"300\" data-imhwpb-asset-id=\"20818\" srcset=\"https:\/\/www.skjeljavika.no\/wp-content\/uploads\/2021\/07\/129_0_300_300_cruise1-sunset-768x510.jpg 300w, https:\/\/www.skjeljavika.no\/wp-content\/uploads\/2021\/07\/cruise1-sunset-150x150.jpg 150w, https:\/\/www.skjeljavika.no\/wp-content\/uploads\/2021\/07\/223_0_900_900_cruise1-sunset.jpg 900w\" sizes=\"auto, (max-width: 300px) 100vw, 300px\" \/><\/p>\n<\/div>\n<\/div>\n<div class=\"col-xs-4 col-sm-4 col-md-4 col-lg-4\">\n<div><\/div>\n<\/div>\n<\/div>\n<div class=\"row\">\n<div class=\"col-xs-3 col-sm-3 col-md-3 col-lg-3\"><\/div>\n<div class=\"col-xs-3 col-sm-3 col-md-3 col-lg-3\">\n<div>\n<p class=\"mod-reset\"><img loading=\"lazy\" decoding=\"async\" class=\"alignnone wp-image-140 size-medium\" src=\"https:\/\/www.skjeljavika.no\/wp-content\/uploads\/2021\/07\/159_0_300_300_horse-rider-in-sunset-768x450.jpg\" alt=\"\" width=\"300\" height=\"300\" data-imhwpb-asset-id=\"20819\" srcset=\"https:\/\/www.skjeljavika.no\/wp-content\/uploads\/2021\/07\/159_0_300_300_horse-rider-in-sunset-768x450.jpg 300w, https:\/\/www.skjeljavika.no\/wp-content\/uploads\/2021\/07\/horse-rider-in-sunset-150x150.jpg 150w, https:\/\/www.skjeljavika.no\/wp-content\/uploads\/2021\/07\/367_0_900_900_horse-rider-in-sunset.jpg 900w\" sizes=\"auto, (max-width: 300px) 100vw, 300px\" \/><\/p>\n<\/div>\n<\/div>\n<div class=\"col-xs-1 col-sm-1 col-md-1 col-lg-1\"><\/div>\n<div class=\"col-xs-3 col-sm-3 col-md-3 col-lg-3\">\n<div>\n<p class=\"mod-reset\"><img loading=\"lazy\" decoding=\"async\" class=\"alignnone wp-image-143 size-medium\" src=\"https:\/\/www.skjeljavika.no\/wp-content\/uploads\/2021\/07\/290_0_300_300_sunset2-768x432.jpg\" alt=\"\" width=\"300\" height=\"300\" data-imhwpb-asset-id=\"20820\" srcset=\"https:\/\/www.skjeljavika.no\/wp-content\/uploads\/2021\/07\/290_0_300_300_sunset2-768x432.jpg 300w, https:\/\/www.skjeljavika.no\/wp-content\/uploads\/2021\/07\/sunset2-150x150.jpg 150w\" sizes=\"auto, (max-width: 300px) 100vw, 300px\" \/><\/p>\n<\/div>\n<\/div>\n<div class=\"col-xs-2 col-sm-2 col-md-2 col-lg-2\"><\/div>\n<\/div>\n<\/div>\n<div class=\"col-xs-12 col-md-6 col-sm-12 col-lg-6\">\n<h2 class=\"\">\u00dcber uns<\/h2>\n<p>Willkommen in Skjeljavika \u2013 einem kleinen, familiengef\u00fchrten Ort an der Nordwestk\u00fcste Norwegens mit weitem Meerblick auf die Nordinseln, ruhigen Abenden und tollen Wanderm\u00f6glichkeiten direkt vor der T\u00fcr.<\/p>\n<p>Wir z\u00fcchten Islandpferde und teilen gerne den ruhigen, ausgeglichenen Charakter dieser Rasse. Sie sehen die Pferde auf dem Hof und k\u00f6nnen, sofern verf\u00fcgbar, an entspannten Ausritten teilnehmen.<\/p>\n<p>Unsere gem\u00fctlichen H\u00fctten am Wasser sind ein idealer Ausgangspunkt f\u00fcr Paare, Familien und kleine Gruppen, die Natur, Platz und einfachen Komfort suchen.<\/p>\n<p>F\u00fcr G\u00e4ste, die Zeit auf dem Wasser verbringen m\u00f6chten, vermieten wir auch eine Kv\u00e6rn\u00f8 585 mit Yamaha 115 PS und Garmin-Fischfinder \u2013 ideal zum Angeln oder f\u00fcr Inselrundfahrten. Das Boot liegt im \u00f6rtlichen Yachthafen, etwa 2,5 km von den H\u00fctten entfernt. Wir geben Ihnen gerne Angeltipps und geben Ihnen Tipps zur sicheren Bootsfahrt.<\/p>\n<p>Egal, ob Sie zum Reiten, Angeln, Sightseeing oder einfach nur zum gem\u00fctlichen Morgen am Fjord kommen, Skjeljavika ist ein friedlicher Ausgangspunkt, um neue Kraft zu tanken und einfache, unvergessliche Tage zu verbringen.<\/p>\n<p class=\"\"><img loading=\"lazy\" decoding=\"async\" class=\"alignnone wp-image-159\" src=\"https:\/\/www.skjeljavika.no\/wp-content\/uploads\/2021\/07\/Logo_mini-300x99.jpg\" alt=\"\" width=\"221\" height=\"73\" srcset=\"https:\/\/www.skjeljavika.no\/wp-content\/uploads\/2021\/07\/Logo_mini-300x99.jpg 300w, https:\/\/www.skjeljavika.no\/wp-content\/uploads\/2021\/07\/Logo_mini-768x252.jpg 768w, https:\/\/www.skjeljavika.no\/wp-content\/uploads\/2021\/07\/Logo_mini.jpg 800w\" sizes=\"auto, (max-width: 221px) 100vw, 221px\" \/><img loading=\"lazy\" decoding=\"async\" class=\"alignnone wp-image-158\" src=\"https:\/\/www.skjeljavika.no\/wp-content\/uploads\/2021\/07\/Stall-Skjeljavika-logo-300x178.png\" alt=\"\" width=\"169\" height=\"100\" srcset=\"https:\/\/www.skjeljavika.no\/wp-content\/uploads\/2021\/07\/Stall-Skjeljavika-logo-300x178.png 300w, https:\/\/www.skjeljavika.no\/wp-content\/uploads\/2021\/07\/Stall-Skjeljavika-logo-1024x607.png 1024w, https:\/\/www.skjeljavika.no\/wp-content\/uploads\/2021\/07\/Stall-Skjeljavika-logo-768x455.png 768w, https:\/\/www.skjeljavika.no\/wp-content\/uploads\/2021\/07\/Stall-Skjeljavika-logo-1536x911.png 1536w, https:\/\/www.skjeljavika.no\/wp-content\/uploads\/2021\/07\/Stall-Skjeljavika-logo-2048x1214.png 2048w\" sizes=\"auto, (max-width: 169px) 100vw, 169px\" \/><\/p>\n<p class=\"\" style=\"margin-top: 30px;\"><a class=\"button-secondary btn btn-color-2 btn-border-color-1 btn btn-color-2 btn-border-color-1\" href=\"\/de\/about-us\/\">Mehr \u00fcber uns<\/a><\/p>\n<\/div>\n<\/div>\n<\/div>\n<\/div>\n<div class=\"boldgrid-section\">\n<div class=\"container\">\n<div class=\"row\" style=\"padding-top: 60px; padding-bottom: 10px;\">\n<div class=\"col-md-12 col-xs-12 col-sm-12 col-lg-12\">\n<div class=\"row bg-editor-hr-wrap\">\n<div class=\"col-md-12 col-xs-12 col-sm-12 col-lg-12\">\n<div>\n<div class=\"bg-hr bg-hr-1 color1-color\"><\/div>\n<\/div>\n<\/div>\n<\/div>\n<\/div>\n<\/div>\n<\/div>\n<\/div>\n<div class=\"boldgrid-section\">\n<div class=\"container\">\n<div class=\"row\" style=\"padding-bottom: 30px;\">\n<div class=\"col-md-12 col-xs-12 col-sm-12 col-lg-12\">\n<h2 class=\"\" style=\"text-align: center;\"><\/h2>\n<\/div>\n<\/div>\n<div class=\"row\" style=\"padding-bottom: 40px;\">\n<div class=\"col-md-4 col-xs-12 col-sm-6 col-lg-4\">\n<div class=\"row\">\n<div class=\"col-md-4 col-sm-12 col-xs-12 col-lg-4\"><\/div>\n<div class=\"col-md-8 col-xs-12 col-sm-12 col-lg-8\">\n<div class=\"bg-box color1-background-color color-1-text-contrast bg-background-color\">\n<h3 class=\"\" style=\"text-align: center;\">Balazs<\/h3>\n<\/div>\n<\/div>\n<\/div>\n<div class=\"row\">\n<div class=\"col-md-12 col-xs-12 col-sm-12 col-lg-12\" style=\"padding-left: 3em; padding-right: 0em;\">\n<div class=\"bg-box\" style=\"border-style: solid; border-width: 0px 5px 5px 0px; padding: 2em;\">\n<p class=\"\">Wir haben unsere Osterferien bei Torbj\u00f8rn verbracht. Eine sch\u00f6ne, gem\u00fctliche, ger\u00e4umige und gut ausgestattete H\u00fctte mit herrlichem Blick auf das Meer und die umliegenden Inseln. Friedliche, ruhige Lage mit wunderbarer Tierwelt. Tolles Preis-Leistungs-Verh\u00e4ltnis, perfekt f\u00fcr kurze und l\u00e4ngere Aufenthalte. Torbj\u00f8rn und seine Familie waren tolle Gastgeber, sehr zuvorkommend, herzlich und hilfsbereit. Die Kommunikation von der Buchung an und w\u00e4hrend unseres gesamten Aufenthalts war unkompliziert und schnell. Wir bekamen auch tolle Wandertipps, die Aussicht vom Gipfel war jeden Schritt wert. Wir haben unseren Aufenthalt sehr genossen. Ich kann einen Aufenthalt hier w\u00e4rmstens empfehlen! (Ref. H\u00fctteng\u00e4ste)<\/p>\n<\/div>\n<\/div>\n<\/div>\n<\/div>\n<div class=\"col-md-4 col-xs-12 col-sm-6 col-lg-4\">\n<div class=\"row\">\n<div class=\"col-md-4 col-sm-12 col-xs-12 col-lg-4\"><\/div>\n<div class=\"col-md-8 col-xs-12 col-sm-12 col-lg-8\">\n<div class=\"bg-box color1-background-color color-1-text-contrast bg-background-color\">\n<h3 class=\"\" style=\"text-align: center;\">Deborah<\/h3>\n<\/div>\n<\/div>\n<\/div>\n<div class=\"row\">\n<div class=\"col-md-12 col-xs-12 col-sm-12 col-lg-12\" style=\"padding-left: 3em; padding-right: 0em;\">\n<div class=\"bg-box\" style=\"border-style: solid; border-width: 0px 5px 5px 0px; padding: 2em;\">\n<p class=\"\">\u201eWas f\u00fcr ein verstecktes Juwel! Wundersch\u00f6ne Aussicht und ein toller Gastgeber. Die H\u00fctte ist in einem tollen Zustand und die Bucht eignet sich perfekt f\u00fcr Erkundungen mit Kindern. Der Gastgeber ist aufmerksam und hat daf\u00fcr gesorgt, dass wir alles hatten, was wir brauchten. Wir kommen auf jeden Fall wieder!\u201c (Bezug: H\u00fctteng\u00e4ste)<\/p>\n<\/div>\n<\/div>\n<\/div>\n<\/div>\n<div class=\"col-md-4 col-xs-12 col-sm-12 col-lg-4\">\n<div class=\"row\">\n<div class=\"col-md-4 col-sm-12 col-xs-12 col-lg-4\"><\/div>\n<div class=\"col-md-8 col-xs-12 col-sm-12 col-lg-8\">\n<div class=\"bg-box color1-background-color color-1-text-contrast bg-background-color\">\n<h3 class=\"\" style=\"text-align: center;\">Arnas<\/h3>\n<\/div>\n<\/div>\n<\/div>\n<div class=\"row\">\n<div class=\"col-md-12 col-xs-12 col-sm-12 col-lg-12\" style=\"padding-left: 3em; padding-right: 0em;\">\n<div class=\"bg-box\" style=\"border-style: solid; border-width: 0px 5px 5px 0px; padding: 2em;\">\n<p class=\"\">\u201eEs ist ein wirklich cooler Ort, die Aussicht ist fantastisch. Morgens und abends ist es am sch\u00f6nsten. Wenn Sie den Norden erleben m\u00f6chten, ist das ein gro\u00dfartiger Ort daf\u00fcr. \u00dcberall Pferde, V\u00f6gel zwitschern. Ein Paradies auf Erden f\u00fcr jemanden wie mich, der die Natur dem Stadttrubel vorzieht. Nochmals vielen Dank f\u00fcr Ihre Gastfreundschaft.\u201c (Bezug: H\u00fctteng\u00e4ste)<\/p>\n<\/div>\n<\/div>\n<\/div>\n<\/div>\n<\/div>\n<div class=\"row\" style=\"padding-bottom: 60px;\">\n<div class=\"col-md-12 col-xs-12 col-sm-12 col-lg-12\">\n<p class=\"\" style=\"text-align: right;\"><a class=\"button-secondary btn btn-color-2 btn-border-color-1 btn btn-color-2 btn-border-color-1\" href=\"\/de\/about-us\/\">Mehr \u00fcber uns<\/a><\/p>\n<\/div>\n<\/div>\n<\/div>\n<\/div>","protected":false},"excerpt":{"rendered":"<p>About Us Welcome to Skjeljavika \u2014 a small, family-run place on Norway\u2019s north-western coast with wide sea views toward the Northern Islands, quiet evenings, and great hiking right from the<\/p>\n<div class=\"read-more\"><a class=\"btn button-secondary\" href=\"https:\/\/www.skjeljavika.no\/de\/\">Read More<\/a><\/div>","protected":false},"author":1,"featured_media":0,"parent":0,"menu_order":0,"comment_status":"closed","ping_status":"closed","template":"","meta":{"bgseo_title":"Cabins & Boat Rentals in Skjeljavika \u2013 near \u00c5lesund, Norway","bgseo_description":"Stay in Skjeljavika near \u00c5lesund, Norway \u2013 cozy fjord cabins with private boats, perfect for fishing, nature, and relaxation by the sea and mountains.","bgseo_robots_index":"index","bgseo_robots_follow":"follow","footnotes":""},"class_list":["post-99","page","type-page","status-publish"],"_links":{"self":[{"href":"https:\/\/www.skjeljavika.no\/de\/wp-json\/wp\/v2\/pages\/99","targetHints":{"allow":["GET"]}}],"collection":[{"href":"https:\/\/www.skjeljavika.no\/de\/wp-json\/wp\/v2\/pages"}],"about":[{"href":"https:\/\/www.skjeljavika.no\/de\/wp-json\/wp\/v2\/types\/page"}],"author":[{"embeddable":true,"href":"https:\/\/www.skjeljavika.no\/de\/wp-json\/wp\/v2\/users\/1"}],"replies":[{"embeddable":true,"href":"https:\/\/www.skjeljavika.no\/de\/wp-json\/wp\/v2\/comments?post=99"}],"version-history":[{"count":0,"href":"https:\/\/www.skjeljavika.no\/de\/wp-json\/wp\/v2\/pages\/99\/revisions"}],"wp:attachment":[{"href":"https:\/\/www.skjeljavika.no\/de\/wp-json\/wp\/v2\/media?parent=99"}],"curies":[{"name":"wp","href":"https:\/\/api.w.org\/{rel}","templated":true}]}}